{"id":37,"date":"2020-05-18T22:02:39","date_gmt":"2020-05-18T22:02:39","guid":{"rendered":"http:\/\/delphi-rheda.mediaproductiv.de\/?page_id=37"},"modified":"2021-03-18T16:01:56","modified_gmt":"2021-03-18T16:01:56","slug":"wir-ueber-uns","status":"publish","type":"page","link":"https:\/\/delphi-rheda.de\/?page_id=37","title":{"rendered":"Wir \u00fcber uns"},"content":{"rendered":"\n<h3 class=\"wp-block-heading\"><strong>Von Anfang an mit Tradition&#8230;<\/strong><\/h3>\n\n\n\n<figure class=\"wp-block-image\"><img decoding=\"async\" loading=\"lazy\" width=\"1024\" height=\"977\" src=\"http:\/\/delphi-rheda.de\/wp-content\/uploads\/2020\/05\/Trio-b-1024x977.jpg\" alt=\"\" class=\"wp-image-339\" srcset=\"https:\/\/delphi-rheda.de\/wp-content\/uploads\/2020\/05\/Trio-b-1024x977.jpg 1024w, https:\/\/delphi-rheda.de\/wp-content\/uploads\/2020\/05\/Trio-b-300x286.jpg 300w, https:\/\/delphi-rheda.de\/wp-content\/uploads\/2020\/05\/Trio-b-768x733.jpg 768w, https:\/\/delphi-rheda.de\/wp-content\/uploads\/2020\/05\/Trio-b-1x1.jpg 1w\" sizes=\"(max-width: 1024px) 100vw, 1024px\" \/><figcaption><em><strong>Vaios Manafas, Inhaberin Areti Kiriakidou, Christoforos Kiriakidis<\/strong><\/em><\/figcaption><\/figure>\n\n\n\n<p>Das Restaurant &#8220;Deplhi&#8221; gibt es in der Stadt bereits seit 1988. Damals gegr\u00fcndet von den Eheleuten Manafa an der Schlo\u00df Str. in Rheda. Sohn Vaios Manafas, seine Frau Areti Kiriakidou und ihr Bruder Christoferos Kiriakidis lenken heute die Geschicke des Delphi.<\/p>\n\n\n\n<p>Von Beginn an haben die Verantwortlichen des &#8220;Delphi&#8221; auf die Karte Tradition und damit die traditionelle Zubereitung der Speisen gesetzt &#8211; mit Erfolg. <\/p>\n\n\n\n<ul class=\"wp-block-gallery columns-2 is-cropped wp-block-gallery-1 is-layout-flex\"><li class=\"blocks-gallery-item\"><figure><img decoding=\"async\" loading=\"lazy\" width=\"1024\" height=\"768\" src=\"http:\/\/delphi-rheda.de\/wp-content\/uploads\/2020\/05\/Spielplatz-1-1-1024x768.jpg\" alt=\"\" data-id=\"266\" data-link=\"http:\/\/delphi-rheda.de\/?attachment_id=266#main\" class=\"wp-image-266\" srcset=\"https:\/\/delphi-rheda.de\/wp-content\/uploads\/2020\/05\/Spielplatz-1-1-1024x768.jpg 1024w, https:\/\/delphi-rheda.de\/wp-content\/uploads\/2020\/05\/Spielplatz-1-1-300x225.jpg 300w, https:\/\/delphi-rheda.de\/wp-content\/uploads\/2020\/05\/Spielplatz-1-1-768x576.jpg 768w, https:\/\/delphi-rheda.de\/wp-content\/uploads\/2020\/05\/Spielplatz-1-1-1x1.jpg 1w\" sizes=\"(max-width: 1024px) 100vw, 1024px\" \/><\/figure><\/li><li class=\"blocks-gallery-item\"><figure><img decoding=\"async\" loading=\"lazy\" width=\"1024\" height=\"752\" src=\"http:\/\/delphi-rheda.de\/wp-content\/uploads\/2020\/05\/Spielplatz-2-n\u00e4her-1-1024x752.jpg\" alt=\"\" data-id=\"335\" data-link=\"http:\/\/delphi-rheda.de\/?attachment_id=335#main\" class=\"wp-image-335\" srcset=\"https:\/\/delphi-rheda.de\/wp-content\/uploads\/2020\/05\/Spielplatz-2-n\u00e4her-1-1024x752.jpg 1024w, https:\/\/delphi-rheda.de\/wp-content\/uploads\/2020\/05\/Spielplatz-2-n\u00e4her-1-300x220.jpg 300w, https:\/\/delphi-rheda.de\/wp-content\/uploads\/2020\/05\/Spielplatz-2-n\u00e4her-1-768x564.jpg 768w, https:\/\/delphi-rheda.de\/wp-content\/uploads\/2020\/05\/Spielplatz-2-n\u00e4her-1-1x1.jpg 1w\" sizes=\"(max-width: 1024px) 100vw, 1024px\" \/><\/figure><\/li><\/ul>\n\n\n\n<p><em><strong>Der Spielplatz am Doktorplatz in Sichtweite unseres Biergartens <\/strong><\/em><\/p>\n\n\n\n<p>Ein gro\u00dfer Vorteil f\u00fcr die Besucher des &#8220;Delphi&#8221; ist die sch\u00f6ne Au\u00dfengastronomie,  sowie die die gro\u00dfe Anzahl an Parkpl\u00e4tzen in der N\u00e4he. Selbstverst\u00e4ndlich ist das Delphi ein kinderfreundliches Restaurant. Aber wenn es den Kleinen mal zu langweilig wird, dann k\u00f6nnen sie sich die Zeit auf dem kleinen Spielplatz in direkter N\u00e4he vertreiben.<\/p>\n\n\n\n<p><\/p>\n\n\n\n<p><\/p>\n\n\n\n<p><\/p>\n","protected":false},"excerpt":{"rendered":"<p>Von Anfang an mit Tradition&#8230; Das Restaurant &#8220;Deplhi&#8221; gibt es in der Stadt bereits seit 1988. Damals gegr\u00fcndet von den Eheleuten Manafa an der Schlo\u00df Str. in Rheda. Sohn Vaios Manafas, seine Frau Areti Kiriakidou und ihr Bruder Christoferos Kiriakidis lenken heute die Geschicke des Delphi. Von Beginn an haben die Verantwortlichen des &#8220;Delphi&#8221; auf&#8230;<\/p>\n","protected":false},"author":1,"featured_media":0,"parent":0,"menu_order":0,"comment_status":"closed","ping_status":"closed","template":"","meta":{"ngg_post_thumbnail":0},"_links":{"self":[{"href":"https:\/\/delphi-rheda.de\/index.php?rest_route=\/wp\/v2\/pages\/37"}],"collection":[{"href":"https:\/\/delphi-rheda.de\/index.php?rest_route=\/wp\/v2\/pages"}],"about":[{"href":"https:\/\/delphi-rheda.de\/index.php?rest_route=\/wp\/v2\/types\/page"}],"author":[{"embeddable":true,"href":"https:\/\/delphi-rheda.de\/index.php?rest_route=\/wp\/v2\/users\/1"}],"replies":[{"embeddable":true,"href":"https:\/\/delphi-rheda.de\/index.php?rest_route=%2Fwp%2Fv2%2Fcomments&post=37"}],"version-history":[{"count":31,"href":"https:\/\/delphi-rheda.de\/index.php?rest_route=\/wp\/v2\/pages\/37\/revisions"}],"predecessor-version":[{"id":537,"href":"https:\/\/delphi-rheda.de\/index.php?rest_route=\/wp\/v2\/pages\/37\/revisions\/537"}],"wp:attachment":[{"href":"https:\/\/delphi-rheda.de\/index.php?rest_route=%2Fwp%2Fv2%2Fmedia&parent=37"}],"curies":[{"name":"wp","href":"https:\/\/api.w.org\/{rel}","templated":true}]}}