{"id":271,"date":"2020-05-25T14:12:20","date_gmt":"2020-05-25T14:12:20","guid":{"rendered":"http:\/\/delphi-rheda.de\/?page_id=271"},"modified":"2020-05-25T14:16:14","modified_gmt":"2020-05-25T14:16:14","slug":"ihre-feiern-bei-uns","status":"publish","type":"page","link":"http:\/\/delphi-rheda.de\/?page_id=271","title":{"rendered":"Ihre Feiern bei uns &#8230;"},"content":{"rendered":"\n<p>Ob runder Geburtstag, Jubil\u00e4um oder Firmen Weihnachtsfeier &#8211; wir richten gerne ihre Feier bei uns aus . Wenn es mal mal etwas gr\u00f6sser sein soll, dann k\u00f6nnen Sie zumindest um die Weihnachtszeit herum, den Fr\u00fchst\u00fccks Saal des Hotels dazu buchen. Neben Essen und Trinken bieten wir Ihnen, falls n\u00f6tig auch Unterst\u00fctzung bei der Dekoration sowie der Auswahl von K\u00fcnstlern an. Wir freuen uns auf Ihre Anfrage . <\/p>\n\n\n\n<ul class=\"wp-block-gallery columns-3 is-cropped wp-block-gallery-1 is-layout-flex\"><li class=\"blocks-gallery-item\"><figure><img decoding=\"async\" loading=\"lazy\" width=\"480\" height=\"640\" src=\"http:\/\/delphi-rheda.de\/wp-content\/uploads\/2020\/05\/Bouzouki-1.jpg\" alt=\"\" data-id=\"243\" data-link=\"http:\/\/delphi-rheda.de\/?attachment_id=243#main\" class=\"wp-image-243\" srcset=\"http:\/\/delphi-rheda.de\/wp-content\/uploads\/2020\/05\/Bouzouki-1.jpg 480w, http:\/\/delphi-rheda.de\/wp-content\/uploads\/2020\/05\/Bouzouki-1-225x300.jpg 225w, http:\/\/delphi-rheda.de\/wp-content\/uploads\/2020\/05\/Bouzouki-1-1x1.jpg 1w\" sizes=\"(max-width: 480px) 100vw, 480px\" \/><\/figure><\/li><li class=\"blocks-gallery-item\"><figure><img decoding=\"async\" loading=\"lazy\" width=\"480\" height=\"640\" src=\"http:\/\/delphi-rheda.de\/wp-content\/uploads\/2020\/05\/Tanzender-1.jpg\" alt=\"\" data-id=\"275\" data-link=\"http:\/\/delphi-rheda.de\/?attachment_id=275#main\" class=\"wp-image-275\" srcset=\"http:\/\/delphi-rheda.de\/wp-content\/uploads\/2020\/05\/Tanzender-1.jpg 480w, http:\/\/delphi-rheda.de\/wp-content\/uploads\/2020\/05\/Tanzender-1-225x300.jpg 225w, http:\/\/delphi-rheda.de\/wp-content\/uploads\/2020\/05\/Tanzender-1-1x1.jpg 1w\" sizes=\"(max-width: 480px) 100vw, 480px\" \/><\/figure><\/li><li class=\"blocks-gallery-item\"><figure><img decoding=\"async\" loading=\"lazy\" width=\"640\" height=\"480\" src=\"http:\/\/delphi-rheda.de\/wp-content\/uploads\/2020\/05\/Platte-1-1.jpg\" alt=\"\" data-id=\"276\" data-link=\"http:\/\/delphi-rheda.de\/?attachment_id=276#main\" class=\"wp-image-276\" srcset=\"http:\/\/delphi-rheda.de\/wp-content\/uploads\/2020\/05\/Platte-1-1.jpg 640w, http:\/\/delphi-rheda.de\/wp-content\/uploads\/2020\/05\/Platte-1-1-300x225.jpg 300w, http:\/\/delphi-rheda.de\/wp-content\/uploads\/2020\/05\/Platte-1-1-1x1.jpg 1w\" sizes=\"(max-width: 640px) 100vw, 640px\" \/><\/figure><\/li><\/ul>\n","protected":false},"excerpt":{"rendered":"<p>Ob runder Geburtstag, Jubil\u00e4um oder Firmen Weihnachtsfeier &#8211; wir richten gerne ihre Feier bei uns aus . Wenn es mal mal etwas gr\u00f6sser sein soll, dann k\u00f6nnen Sie zumindest um die Weihnachtszeit herum, den Fr\u00fchst\u00fccks Saal des Hotels dazu buchen. Neben Essen und Trinken bieten wir Ihnen, falls n\u00f6tig auch Unterst\u00fctzung bei der Dekoration sowie&#8230;<\/p>\n","protected":false},"author":1,"featured_media":0,"parent":0,"menu_order":0,"comment_status":"closed","ping_status":"closed","template":"","meta":{"ngg_post_thumbnail":0},"_links":{"self":[{"href":"http:\/\/delphi-rheda.de\/index.php?rest_route=\/wp\/v2\/pages\/271"}],"collection":[{"href":"http:\/\/delphi-rheda.de\/index.php?rest_route=\/wp\/v2\/pages"}],"about":[{"href":"http:\/\/delphi-rheda.de\/index.php?rest_route=\/wp\/v2\/types\/page"}],"author":[{"embeddable":true,"href":"http:\/\/delphi-rheda.de\/index.php?rest_route=\/wp\/v2\/users\/1"}],"replies":[{"embeddable":true,"href":"http:\/\/delphi-rheda.de\/index.php?rest_route=%2Fwp%2Fv2%2Fcomments&post=271"}],"version-history":[{"count":4,"href":"http:\/\/delphi-rheda.de\/index.php?rest_route=\/wp\/v2\/pages\/271\/revisions"}],"predecessor-version":[{"id":280,"href":"http:\/\/delphi-rheda.de\/index.php?rest_route=\/wp\/v2\/pages\/271\/revisions\/280"}],"wp:attachment":[{"href":"http:\/\/delphi-rheda.de\/index.php?rest_route=%2Fwp%2Fv2%2Fmedia&parent=271"}],"curies":[{"name":"wp","href":"https:\/\/api.w.org\/{rel}","templated":true}]}}