{"id":23,"date":"2020-05-18T23:06:45","date_gmt":"2020-05-18T23:06:45","guid":{"rendered":"http:\/\/delphi-rheda.mediaproductiv.de\/?page_id=23"},"modified":"2020-05-24T20:21:18","modified_gmt":"2020-05-24T20:21:18","slug":"specials-2","status":"publish","type":"page","link":"http:\/\/delphi-rheda.de\/?page_id=23","title":{"rendered":"Specials"},"content":{"rendered":"\n<h3 class=\"wp-block-heading\"><strong>G\u00f6nnen Sie sich ruhig mal etwas Besonderes&#8230;<\/strong><\/h3>\n\n\n\n<p>Neben unserer Hauptkarte halten wir f\u00fcr Sie noch eine gr\u00f6ssere Auswahl an Gaumen Schmeichlern f\u00fcr Sie bereit &#8211; n\u00e4mlich tolle Cocktails und leckere griechische Kuchen . Wir w\u00fcnschen : Kal\u00ed \u00f3rexi (Guten Appetit)<\/p>\n\n\n\n<ul class=\"wp-block-gallery columns-1 is-cropped wp-block-gallery-1 is-layout-flex\"><li class=\"blocks-gallery-item\"><figure><img decoding=\"async\" loading=\"lazy\" width=\"744\" height=\"1024\" src=\"http:\/\/delphi-rheda.de\/wp-content\/uploads\/2020\/05\/d3-4-2024-744x1024.jpg\" alt=\"\" data-id=\"201\" data-link=\"http:\/\/delphi-rheda.de\/?attachment_id=201\" class=\"wp-image-201\" srcset=\"http:\/\/delphi-rheda.de\/wp-content\/uploads\/2020\/05\/d3-4-2024-744x1024.jpg 744w, http:\/\/delphi-rheda.de\/wp-content\/uploads\/2020\/05\/d3-4-2024-218x300.jpg 218w, http:\/\/delphi-rheda.de\/wp-content\/uploads\/2020\/05\/d3-4-2024-768x1057.jpg 768w, http:\/\/delphi-rheda.de\/wp-content\/uploads\/2020\/05\/d3-4-2024-1x1.jpg 1w\" sizes=\"(max-width: 744px) 100vw, 744px\" \/><\/figure><\/li><li class=\"blocks-gallery-item\"><figure><img decoding=\"async\" loading=\"lazy\" width=\"744\" height=\"1024\" src=\"http:\/\/delphi-rheda.de\/wp-content\/uploads\/2020\/05\/d1-2023-744x1024.jpg\" alt=\"\" data-id=\"200\" data-link=\"http:\/\/delphi-rheda.de\/?attachment_id=200\" class=\"wp-image-200\" srcset=\"http:\/\/delphi-rheda.de\/wp-content\/uploads\/2020\/05\/d1-2023-744x1024.jpg 744w, http:\/\/delphi-rheda.de\/wp-content\/uploads\/2020\/05\/d1-2023-218x300.jpg 218w, http:\/\/delphi-rheda.de\/wp-content\/uploads\/2020\/05\/d1-2023-768x1057.jpg 768w, http:\/\/delphi-rheda.de\/wp-content\/uploads\/2020\/05\/d1-2023-1x1.jpg 1w\" sizes=\"(max-width: 744px) 100vw, 744px\" \/><\/figure><\/li><\/ul>\n","protected":false},"excerpt":{"rendered":"<p>G\u00f6nnen Sie sich ruhig mal etwas Besonderes&#8230; Neben unserer Hauptkarte halten wir f\u00fcr Sie noch eine gr\u00f6ssere Auswahl an Gaumen Schmeichlern f\u00fcr Sie bereit &#8211; n\u00e4mlich tolle Cocktails und leckere griechische Kuchen . Wir w\u00fcnschen : Kal\u00ed \u00f3rexi (Guten Appetit)<\/p>\n","protected":false},"author":1,"featured_media":0,"parent":0,"menu_order":0,"comment_status":"closed","ping_status":"closed","template":"","meta":{"ngg_post_thumbnail":0},"_links":{"self":[{"href":"http:\/\/delphi-rheda.de\/index.php?rest_route=\/wp\/v2\/pages\/23"}],"collection":[{"href":"http:\/\/delphi-rheda.de\/index.php?rest_route=\/wp\/v2\/pages"}],"about":[{"href":"http:\/\/delphi-rheda.de\/index.php?rest_route=\/wp\/v2\/types\/page"}],"author":[{"embeddable":true,"href":"http:\/\/delphi-rheda.de\/index.php?rest_route=\/wp\/v2\/users\/1"}],"replies":[{"embeddable":true,"href":"http:\/\/delphi-rheda.de\/index.php?rest_route=%2Fwp%2Fv2%2Fcomments&post=23"}],"version-history":[{"count":6,"href":"http:\/\/delphi-rheda.de\/index.php?rest_route=\/wp\/v2\/pages\/23\/revisions"}],"predecessor-version":[{"id":233,"href":"http:\/\/delphi-rheda.de\/index.php?rest_route=\/wp\/v2\/pages\/23\/revisions\/233"}],"wp:attachment":[{"href":"http:\/\/delphi-rheda.de\/index.php?rest_route=%2Fwp%2Fv2%2Fmedia&parent=23"}],"curies":[{"name":"wp","href":"https:\/\/api.w.org\/{rel}","templated":true}]}}